{"id":1459,"date":"2025-11-04T15:38:35","date_gmt":"2025-11-04T14:38:35","guid":{"rendered":"https:\/\/combimontage.se\/?page_id=1459"},"modified":"2025-11-04T15:42:30","modified_gmt":"2025-11-04T14:42:30","slug":"folieatelje","status":"publish","type":"page","link":"https:\/\/combimontage.se\/index.php\/folieatelje\/","title":{"rendered":"Folieatelj\u00e9"},"content":{"rendered":"\t\t<div data-elementor-type=\"wp-page\" data-elementor-id=\"1459\" class=\"elementor elementor-1459\" data-elementor-post-type=\"page\">\n\t\t\t\t\t\t<section class=\"elementor-section elementor-top-section elementor-element elementor-element-e4ea8fc elementor-section-height-min-height elementor-section-content-middle elementor-section-boxed elementor-section-height-default elementor-section-items-middle\" data-id=\"e4ea8fc\" data-element_type=\"section\" data-e-type=\"section\" data-settings=\"{&quot;background_background&quot;:&quot;classic&quot;}\">\n\t\t\t\t\t\t\t<div class=\"elementor-background-overlay\"><\/div>\n\t\t\t\t\t\t\t<div class=\"elementor-container elementor-column-gap-default\">\n\t\t\t\t\t<div class=\"elementor-column elementor-col-100 elementor-top-column elementor-element elementor-element-7335595\" data-id=\"7335595\" data-element_type=\"column\" data-e-type=\"column\">\n\t\t\t<div class=\"elementor-widget-wrap elementor-element-populated\">\n\t\t\t\t\t\t<div class=\"elementor-element elementor-element-27461f6 elementor-widget elementor-widget-heading\" data-id=\"27461f6\" data-element_type=\"widget\" data-e-type=\"widget\" data-widget_type=\"heading.default\">\n\t\t\t\t<div class=\"elementor-widget-container\">\n\t\t\t\t\t<h5 class=\"elementor-heading-title elementor-size-default\">Combi Montage<\/h5>\t\t\t\t<\/div>\n\t\t\t\t<\/div>\n\t\t\t\t<div class=\"elementor-element elementor-element-6695166 elementor-widget elementor-widget-heading\" data-id=\"6695166\" data-element_type=\"widget\" data-e-type=\"widget\" data-widget_type=\"heading.default\">\n\t\t\t\t<div class=\"elementor-widget-container\">\n\t\t\t\t\t<h1 class=\"elementor-heading-title elementor-size-default\">Folieatelj\u00e9<\/h1>\t\t\t\t<\/div>\n\t\t\t\t<\/div>\n\t\t\t\t\t<\/div>\n\t\t<\/div>\n\t\t\t\t\t<\/div>\n\t\t<\/section>\n\t\t\t\t<section class=\"elementor-section elementor-top-section elementor-element elementor-element-11816e0 elementor-section-content-middle elementor-section-full_width elementor-reverse-mobile elementor-reverse-tablet elementor-section-height-default elementor-section-height-default\" data-id=\"11816e0\" data-element_type=\"section\" data-e-type=\"section\">\n\t\t\t\t\t\t<div class=\"elementor-container elementor-column-gap-no\">\n\t\t\t\t\t<div class=\"elementor-column elementor-col-100 elementor-top-column elementor-element elementor-element-05f580c\" data-id=\"05f580c\" data-element_type=\"column\" data-e-type=\"column\">\n\t\t\t<div class=\"elementor-widget-wrap elementor-element-populated\">\n\t\t\t\t\t\t<div class=\"elementor-element elementor-element-460e46a elementor-widget elementor-widget-heading\" data-id=\"460e46a\" data-element_type=\"widget\" data-e-type=\"widget\" data-widget_type=\"heading.default\">\n\t\t\t\t<div class=\"elementor-widget-container\">\n\t\t\t\t\t<h2 class=\"elementor-heading-title elementor-size-default\">Vi ser till att ditt budskap syns!<\/h2>\t\t\t\t<\/div>\n\t\t\t\t<\/div>\n\t\t\t\t<div class=\"elementor-element elementor-element-f85ebd7 elementor-widget elementor-widget-text-editor\" data-id=\"f85ebd7\" data-element_type=\"widget\" data-e-type=\"widget\" data-widget_type=\"text-editor.default\">\n\t\t\t\t<div class=\"elementor-widget-container\">\n\t\t\t\t\t\t\t\t\t<p data-start=\"456\" data-end=\"590\"><strong data-start=\"456\" data-end=\"471\">Banderoller<\/strong>\u00a0\u2013 perfekta f\u00f6r kampanjer, evenemang eller byggarbetsplatser. T\u00e5liga och anpassade f\u00f6r b\u00e5de inomhus- och utomhusbruk.<\/p><p data-start=\"593\" data-end=\"719\"><strong data-start=\"593\" data-end=\"606\">Ljusl\u00e5dor<\/strong>\u00a0\u2013 ge ditt budskap liv \u00e4ven n\u00e4r m\u00f6rkret faller. Vi designar och monterar ljusl\u00e5dor som drar blickarna till sig.<\/p><p data-start=\"722\" data-end=\"814\"><strong data-start=\"722\" data-end=\"739\">Skurna texter<\/strong>\u00a0\u2013 stilrena och flexibla l\u00f6sningar f\u00f6r skyltf\u00f6nster, fordon eller v\u00e4ggar.<\/p><p data-start=\"817\" data-end=\"906\"><strong data-start=\"817\" data-end=\"835\">Fastighetsfilm<\/strong>\u00a0\u2013 modern fasadfilm som b\u00e5de skyddar och f\u00f6rnyar byggnadens utseende.<\/p><p data-start=\"909\" data-end=\"1000\"><strong data-start=\"909\" data-end=\"926\">Klisterm\u00e4rken<\/strong>\u00a0\u2013 i alla former och storlekar, f\u00f6r m\u00e4rkning, dekoration eller branding.<\/p><p data-start=\"1003\" data-end=\"1101\"><strong data-start=\"1003\" data-end=\"1014\">Rollups<\/strong>\u00a0\u2013 smidiga och professionella l\u00f6sningar f\u00f6r m\u00e4ssor, presentationer och butiksmilj\u00f6er.<\/p><p data-start=\"1103\" data-end=\"1278\">Med\u00a0<strong data-start=\"1107\" data-end=\"1124\">Combi Montage<\/strong>\u00a0f\u00e5r du en partner som tar hand om hela processen \u2013 fr\u00e5n id\u00e9 och design till f\u00e4rdig montering. Vi ser till att ditt budskap syns d\u00e4r det g\u00f6r mest nytta!<\/p>\t\t\t\t\t\t\t\t<\/div>\n\t\t\t\t<\/div>\n\t\t\t\t\t<\/div>\n\t\t<\/div>\n\t\t\t\t\t<\/div>\n\t\t<\/section>\n\t\t\t\t<\/div>\n\t\t","protected":false},"excerpt":{"rendered":"<p>Combi Montage Folieatelj\u00e9 Vi ser till att ditt budskap syns! Banderoller\u00a0\u2013 perfekta f\u00f6r kampanjer, evenemang eller byggarbetsplatser. T\u00e5liga och anpassade f\u00f6r b\u00e5de inomhus- och utomhusbruk. Ljusl\u00e5dor\u00a0\u2013 ge ditt budskap liv \u00e4ven n\u00e4r m\u00f6rkret faller. Vi designar och monterar ljusl\u00e5dor som drar blickarna till sig. Skurna texter\u00a0\u2013 stilrena och flexibla l\u00f6sningar f\u00f6r skyltf\u00f6nster, fordon eller v\u00e4ggar. [&hellip;]<\/p>\n","protected":false},"author":1,"featured_media":0,"parent":0,"menu_order":0,"comment_status":"closed","ping_status":"closed","template":"","meta":{"_seopress_robots_primary_cat":"","_seopress_titles_title":"","_seopress_titles_desc":"","_seopress_robots_index":"","site-sidebar-layout":"no-sidebar","site-content-layout":"page-builder","ast-site-content-layout":"full-width-container","site-content-style":"default","site-sidebar-style":"default","ast-global-header-display":"","ast-banner-title-visibility":"","ast-main-header-display":"","ast-hfb-above-header-display":"","ast-hfb-below-header-display":"","ast-hfb-mobile-header-display":"","site-post-title":"","ast-breadcrumbs-content":"","ast-featured-img":"disabled","footer-sml-layout":"","ast-disable-related-posts":"","theme-transparent-header-meta":"","adv-header-id-meta":"","stick-header-meta":"","header-above-stick-meta":"","header-main-stick-meta":"","header-below-stick-meta":"","astra-migrate-meta-layouts":"set","ast-page-background-enabled":"default","ast-page-background-meta":{"desktop":{"background-color":"var(--ast-global-color-4)","background-image":"","background-repeat":"repeat","background-position":"center center","background-size":"auto","background-attachment":"scroll","background-type":"","background-media":"","overlay-type":"","overlay-color":"","overlay-opacity":"","overlay-gradient":""},"tablet":{"background-color":"","background-image":"","background-repeat":"repeat","background-position":"center center","background-size":"auto","background-attachment":"scroll","background-type":"","background-media":"","overlay-type":"","overlay-color":"","overlay-opacity":"","overlay-gradient":""},"mobile":{"background-color":"","background-image":"","background-repeat":"repeat","background-position":"center center","background-size":"auto","background-attachment":"scroll","background-type":"","background-media":"","overlay-type":"","overlay-color":"","overlay-opacity":"","overlay-gradient":""}},"ast-content-background-meta":{"desktop":{"background-color":"var(--ast-global-color-5)","background-image":"","background-repeat":"repeat","background-position":"center center","background-size":"auto","background-attachment":"scroll","background-type":"","background-media":"","overlay-type":"","overlay-color":"","overlay-opacity":"","overlay-gradient":""},"tablet":{"background-color":"var(--ast-global-color-5)","background-image":"","background-repeat":"repeat","background-position":"center center","background-size":"auto","background-attachment":"scroll","background-type":"","background-media":"","overlay-type":"","overlay-color":"","overlay-opacity":"","overlay-gradient":""},"mobile":{"background-color":"var(--ast-global-color-5)","background-image":"","background-repeat":"repeat","background-position":"center center","background-size":"auto","background-attachment":"scroll","background-type":"","background-media":"","overlay-type":"","overlay-color":"","overlay-opacity":"","overlay-gradient":""}},"footnotes":""},"class_list":["post-1459","page","type-page","status-publish","hentry"],"_links":{"self":[{"href":"https:\/\/combimontage.se\/index.php\/wp-json\/wp\/v2\/pages\/1459","targetHints":{"allow":["GET"]}}],"collection":[{"href":"https:\/\/combimontage.se\/index.php\/wp-json\/wp\/v2\/pages"}],"about":[{"href":"https:\/\/combimontage.se\/index.php\/wp-json\/wp\/v2\/types\/page"}],"author":[{"embeddable":true,"href":"https:\/\/combimontage.se\/index.php\/wp-json\/wp\/v2\/users\/1"}],"replies":[{"embeddable":true,"href":"https:\/\/combimontage.se\/index.php\/wp-json\/wp\/v2\/comments?post=1459"}],"version-history":[{"count":4,"href":"https:\/\/combimontage.se\/index.php\/wp-json\/wp\/v2\/pages\/1459\/revisions"}],"predecessor-version":[{"id":1467,"href":"https:\/\/combimontage.se\/index.php\/wp-json\/wp\/v2\/pages\/1459\/revisions\/1467"}],"wp:attachment":[{"href":"https:\/\/combimontage.se\/index.php\/wp-json\/wp\/v2\/media?parent=1459"}],"curies":[{"name":"wp","href":"https:\/\/api.w.org\/{rel}","templated":true}]}}